{"id":16752,"date":"2026-04-02T16:49:41","date_gmt":"2026-04-02T15:49:41","guid":{"rendered":"https:\/\/openhexabshgb.jwlk.co\/integrations\/"},"modified":"2026-04-09T09:49:53","modified_gmt":"2026-04-09T08:49:53","slug":"integrations","status":"publish","type":"page","link":"https:\/\/openhexabshgb.jwlk.co\/fr\/integrations\/","title":{"rendered":"Integrations"},"content":{"rendered":"    <div class=\"hero-section yellow py-60 md:py-[160px] text-center bg-cover bg-center  bg-dark text-white  [&#038;_.sub-title-home]:opacity-80 [&#038;_.sub-title-home]:text-[32px] md:[&#038;_.sub-title-home]:text-[20px]\"\n         style=\"background-image: url('https:\/\/openhexabshgb.jwlk.co\/wp-content\/uploads\/2026\/04\/OpenHEXA.png')\">\n        <div class=\"container \">\n            \n\n<h1 class=\" wp-block-heading eplus-wrapper\">Int\u00e9grations<\/h1>\n\n\n        <\/div>\n    <\/div>\n    \n\n    <div class=\"wrapper-container-block overflow-hidden py-[90px] md:!py-[64px] bg-color-white \"\n         id=\"block_40a7cd1ad8ac62cce3221283a6dde607\"\n         style=\" padding-top: 30px; padding-bottom: 30px; \">\n        <div class=\"container\">\n            \n<div class=\"wp-block-columns eplus-wrapper is-layout-flex wp-container-core-columns-is-layout-9d6595d7 wp-block-columns-is-layout-flex eplus-styles-uid-62e52e\">\n<div class=\"wp-block-column eplus-wrapper is-layout-flow wp-block-column-is-layout-flow\">\n<figure class=\" wp-block-image size-full eplus-wrapper\"><img decoding=\"async\" width=\"50\" height=\"50\" src=\"https:\/\/openhexabshgb.jwlk.co\/wp-content\/uploads\/2026\/04\/Icon.png\" alt=\"\" class=\"wp-image-16725\"><\/figure>\n\n\n<p class=\" eplus-wrapper eplus-styles-uid-98134e\"><strong><a href=\"https:\/\/dhis2.org\/\">DHIS2<\/a><\/strong><\/p>\n\n\n<p class=\" eplus-wrapper\">DHIS2 est le plus grand syst\u00e8me de gestion des informations de sant\u00e9 au monde, un bien public mondial.<\/p>\n<\/div>\n\n\n\n<div class=\"wp-block-column eplus-wrapper is-layout-flow wp-block-column-is-layout-flow\">\n<figure class=\" wp-block-image size-full eplus-wrapper\"><img decoding=\"async\" width=\"50\" height=\"50\" src=\"https:\/\/openhexabshgb.jwlk.co\/wp-content\/uploads\/2026\/04\/Icon-4-1.svg\" alt=\"\" class=\"wp-image-16728\"><\/figure>\n\n\n<p class=\" eplus-wrapper eplus-styles-uid-98134e\"><strong><strong><a href=\"https:\/\/openlmis.org\/\">OpenLMIS<\/a><\/strong><\/strong><\/p>\n\n\n<p class=\" eplus-wrapper\">Solution open source pour la gestion de la distribution de produits m\u00e9dicaux dans les pays \u00e0 revenus faibles et interm\u00e9diaires.<\/p>\n<\/div>\n\n\n\n<div class=\"wp-block-column eplus-wrapper is-layout-flow wp-block-column-is-layout-flow\">\n<figure class=\" wp-block-image size-full eplus-wrapper\"><img decoding=\"async\" width=\"50\" height=\"50\" src=\"https:\/\/openhexabshgb.jwlk.co\/wp-content\/uploads\/2026\/04\/Icon-5-1.svg\" alt=\"\" class=\"wp-image-16729\"><\/figure>\n\n\n<p class=\" eplus-wrapper eplus-styles-uid-98134e\"><strong><a href=\"https:\/\/www.openiaso.com\/\">IASO<\/a><\/strong><\/p>\n\n\n<p class=\" eplus-wrapper\">Collecte de donn\u00e9es g\u00e9o-aliment\u00e9es et micro-planification.<\/p>\n<\/div>\n<\/div>\n\n<div class=\"wp-block-columns eplus-wrapper is-layout-flex wp-container-core-columns-is-layout-9d6595d7 wp-block-columns-is-layout-flex eplus-styles-uid-a60ec6\">\n<div class=\"wp-block-column eplus-wrapper is-layout-flow wp-block-column-is-layout-flow\">\n<figure class=\" wp-block-image size-full eplus-wrapper\"><img decoding=\"async\" width=\"50\" height=\"50\" src=\"https:\/\/openhexabshgb.jwlk.co\/wp-content\/uploads\/2026\/04\/Icon-2-1.svg\" alt=\"\" class=\"wp-image-16734\"><\/figure>\n\n\n<p class=\" eplus-wrapper eplus-styles-uid-98134e\"><strong><a href=\"https:\/\/excel.cloud.microsoft\/en-us\/\">Excel<\/a><\/strong><\/p>\n\n\n<p class=\" eplus-wrapper\">Fichiers Excel.<\/p>\n<\/div>\n\n\n\n<div class=\"wp-block-column eplus-wrapper is-layout-flow wp-block-column-is-layout-flow\">\n<figure class=\" wp-block-image size-full eplus-wrapper\"><img decoding=\"async\" width=\"50\" height=\"50\" src=\"https:\/\/openhexabshgb.jwlk.co\/wp-content\/uploads\/2026\/04\/csv-file-1.png\" alt=\"\" class=\"wp-image-16736\"><\/figure>\n\n\n<p class=\" eplus-wrapper eplus-styles-uid-98134e\"><strong>CSV<\/strong><\/p>\n\n\n<p class=\" eplus-wrapper\">Fichiers CSV.<\/p>\n<\/div>\n\n\n\n<div class=\"wp-block-column eplus-wrapper is-layout-flow wp-block-column-is-layout-flow\">\n<figure class=\" wp-block-image size-full eplus-wrapper\"><img decoding=\"async\" width=\"50\" height=\"50\" src=\"https:\/\/openhexabshgb.jwlk.co\/wp-content\/uploads\/2026\/04\/Parquet.png\" alt=\"\" class=\"wp-image-16737\"><\/figure>\n\n\n<p class=\" eplus-wrapper eplus-styles-uid-98134e\"><strong>Parquet<\/strong><\/p>\n\n\n<p class=\" eplus-wrapper\">Format de fichier de donn\u00e9es open source, orient\u00e9 colonnes, con\u00e7u pour un stockage et une r\u00e9cup\u00e9ration efficaces des donn\u00e9es.<\/p>\n<\/div>\n<\/div>\n\n<div class=\"wp-block-columns eplus-wrapper is-layout-flex wp-container-core-columns-is-layout-9d6595d7 wp-block-columns-is-layout-flex eplus-styles-uid-869f02\">\n<div class=\"wp-block-column eplus-wrapper is-layout-flow wp-block-column-is-layout-flow\">\n<figure class=\" wp-block-image size-full eplus-wrapper\"><img decoding=\"async\" width=\"50\" height=\"50\" src=\"https:\/\/openhexabshgb.jwlk.co\/wp-content\/uploads\/2026\/04\/image-23.png\" alt=\"\" class=\"wp-image-16738\"><\/figure>\n\n\n<p class=\" eplus-wrapper eplus-styles-uid-98134e\"><strong>OpenRaster<\/strong><\/p>\n\n\n<p class=\" eplus-wrapper\">OpenRaster est une sp\u00e9cification de format de fichier pour l&rsquo;\u00e9change d&rsquo;images raster en couches entre les \u00e9diteurs d&rsquo;images.<\/p>\n<\/div>\n\n\n\n<div class=\"wp-block-column eplus-wrapper is-layout-flow wp-block-column-is-layout-flow\">\n<figure class=\" wp-block-image size-full eplus-wrapper\"><img decoding=\"async\" width=\"50\" height=\"50\" src=\"https:\/\/openhexabshgb.jwlk.co\/wp-content\/uploads\/2026\/04\/Icon-1.png\" alt=\"\" class=\"wp-image-16739\"><\/figure>\n\n\n<p class=\" eplus-wrapper eplus-styles-uid-98134e\"><strong><strong>GeoPackage<\/strong><\/strong><\/p>\n\n\n<p class=\" eplus-wrapper\">Format ouvert, bas\u00e9 sur des normes, portable, autodescriptif et compact pour le transfert d&rsquo;informations g\u00e9ospatiales.<\/p>\n<\/div>\n\n\n\n<div class=\"wp-block-column eplus-wrapper is-layout-flow wp-block-column-is-layout-flow\">\n<figure class=\" wp-block-image size-full eplus-wrapper\"><img decoding=\"async\" width=\"50\" height=\"50\" src=\"https:\/\/openhexabshgb.jwlk.co\/wp-content\/uploads\/2026\/04\/Icon-2.png\" alt=\"\" class=\"wp-image-16740\"><\/figure>\n\n\n<p class=\" eplus-wrapper eplus-styles-uid-98134e\"><strong><a href=\"https:\/\/getodk.org\/\">ODK<\/a><\/strong><\/p>\n\n\n<p class=\" eplus-wrapper\">Collecte de donn\u00e9es.<\/p>\n<\/div>\n<\/div>\n\n<div class=\"wp-block-columns eplus-wrapper is-layout-flex wp-container-core-columns-is-layout-9d6595d7 wp-block-columns-is-layout-flex eplus-styles-uid-05b5d9\">\n<div class=\"wp-block-column eplus-wrapper is-layout-flow wp-block-column-is-layout-flow\">\n<figure class=\" wp-block-image size-full eplus-wrapper\"><img decoding=\"async\" width=\"50\" height=\"50\" src=\"https:\/\/openhexabshgb.jwlk.co\/wp-content\/uploads\/2026\/04\/google-cloud-1.png\" alt=\"\" class=\"wp-image-16741\"><\/figure>\n\n\n<p class=\" eplus-wrapper eplus-styles-uid-98134e\"><strong>GCP Bucket<\/strong><\/p>\n\n\n<p class=\" eplus-wrapper\">Stockage d&rsquo;objets dans le cloud.<\/p>\n<\/div>\n\n\n\n<div class=\"wp-block-column eplus-wrapper is-layout-flow wp-block-column-is-layout-flow\">\n<figure class=\" wp-block-image size-full eplus-wrapper\"><img decoding=\"async\" width=\"49\" height=\"50\" src=\"https:\/\/openhexabshgb.jwlk.co\/wp-content\/uploads\/2026\/04\/Postgresql_elephant-1.png\" alt=\"\" class=\"wp-image-16742\"><\/figure>\n\n\n<p class=\" eplus-wrapper eplus-styles-uid-98134e\"><strong><strong><a href=\"https:\/\/www.postgresql.org\/\">PostgreSQL<\/a><\/strong><\/strong><\/p>\n\n\n<p class=\" eplus-wrapper\">PostgreSQL est un syst\u00e8me de base de donn\u00e9es relationnelle objet open source.<\/p>\n<\/div>\n\n\n\n<div class=\"wp-block-column eplus-wrapper is-layout-flow wp-block-column-is-layout-flow\">\n<figure class=\" wp-block-image size-full eplus-wrapper\"><img decoding=\"async\" width=\"50\" height=\"50\" src=\"https:\/\/openhexabshgb.jwlk.co\/wp-content\/uploads\/2026\/04\/Icon-3.png\" alt=\"\" class=\"wp-image-16743\"><\/figure>\n\n\n<p class=\" eplus-wrapper eplus-styles-uid-98134e\"><strong>S3<\/strong><\/p>\n\n\n<p class=\" eplus-wrapper\">Stockage d&rsquo;objets dans le cloud.<\/p>\n<\/div>\n<\/div>\n\n<div class=\"wp-block-columns eplus-wrapper is-layout-flex wp-container-core-columns-is-layout-9d6595d7 wp-block-columns-is-layout-flex eplus-styles-uid-c25057\">\n<div class=\"wp-block-column eplus-wrapper is-layout-flow wp-block-column-is-layout-flow\">\n<figure class=\" wp-block-image size-full is-resized eplus-wrapper\"><img decoding=\"async\" width=\"220\" height=\"74\" src=\"https:\/\/openhexabshgb.jwlk.co\/wp-content\/uploads\/2026\/04\/world-pop.png\" alt=\"\" class=\"wp-image-16744\" style=\"width:99px;height:auto\"><\/figure>\n\n\n<p class=\" eplus-wrapper eplus-styles-uid-98134e\"><strong><a href=\"https:\/\/www.worldpop.org\/\">WorldPop<\/a><\/strong><\/p>\n\n\n<p class=\" eplus-wrapper\">Donn\u00e9es d\u00e9mographiques spatiales ouvertes et recherche.<\/p>\n<\/div>\n\n\n\n<div class=\"wp-block-column eplus-wrapper is-layout-flow wp-block-column-is-layout-flow\">\n<figure class=\" wp-block-image size-full eplus-wrapper\"><img decoding=\"async\" width=\"50\" height=\"50\" src=\"https:\/\/openhexabshgb.jwlk.co\/wp-content\/uploads\/2026\/04\/Icon-5.png\" alt=\"\" class=\"wp-image-16745\"><\/figure>\n\n\n<p class=\" eplus-wrapper eplus-styles-uid-98134e\"><strong><strong><a href=\"https:\/\/www.sage.com\/fr-fr\/sage-business-cloud\/sage-x3\/\">SageX3<\/a><\/strong><\/strong><\/p>\n\n\n<p class=\" eplus-wrapper\">Logiciel ERP aidant les entreprises \u00e0 g\u00e9rer leurs finances, leurs op\u00e9rations et leur cha\u00eene d&rsquo;approvisionnement.<\/p>\n<\/div>\n\n\n\n<div class=\"wp-block-column eplus-wrapper is-layout-flow wp-block-column-is-layout-flow\">\n<figure class=\" wp-block-image size-full eplus-wrapper\"><img decoding=\"async\" width=\"50\" height=\"50\" src=\"https:\/\/openhexabshgb.jwlk.co\/wp-content\/uploads\/2026\/04\/Icon-6.png\" alt=\"\" class=\"wp-image-16746\"><\/figure>\n\n\n<p class=\" eplus-wrapper eplus-styles-uid-98134e\"><strong><a href=\"https:\/\/docs.msupply.foundation\/fr\/\">mSupply<\/a><\/strong><\/p>\n\n\n<p class=\" eplus-wrapper\">Gestion simplifi\u00e9e des produits pharmaceutiques.<\/p>\n<\/div>\n<\/div>\n\n<div class=\"wp-block-columns eplus-wrapper is-layout-flex wp-container-core-columns-is-layout-9d6595d7 wp-block-columns-is-layout-flex eplus-styles-uid-3a47ac\">\n<div class=\"wp-block-column eplus-wrapper is-layout-flow wp-block-column-is-layout-flow\">\n<figure class=\" wp-block-image size-full eplus-wrapper\"><img decoding=\"async\" width=\"50\" height=\"50\" src=\"https:\/\/openhexabshgb.jwlk.co\/wp-content\/uploads\/2026\/04\/Icon-3-1.svg\" alt=\"\" class=\"wp-image-16747\"><\/figure>\n\n\n<p class=\" eplus-wrapper eplus-styles-uid-98134e\"><strong><strong><a href=\"https:\/\/cds.climate.copernicus.eu\/datasets\/reanalysis-era5-single-levels?tab=overview\">ERA5<\/a><\/strong><\/strong><\/p>\n\n\n<p class=\" eplus-wrapper\">Donn\u00e9es horaires ERA5 sur des niveaux uniques de 1940 \u00e0 aujourd&rsquo;hui.<\/p>\n<\/div>\n\n\n\n<div class=\"wp-block-column eplus-wrapper is-layout-flow wp-block-column-is-layout-flow\">\n<figure class=\" wp-block-image size-full eplus-wrapper\"><img decoding=\"async\" width=\"50\" height=\"50\" src=\"https:\/\/openhexabshgb.jwlk.co\/wp-content\/uploads\/2026\/04\/1674969-1.png\" alt=\"\" class=\"wp-image-16748\"><\/figure>\n\n\n<p class=\" eplus-wrapper eplus-styles-uid-98134e\"><strong><strong><strong>Htpp<\/strong><\/strong><\/strong><\/p>\n\n\n<p class=\" eplus-wrapper\">Connectez n&rsquo;importe quelle API sur le Web via des requ\u00eates HTTP.<\/p>\n<\/div>\n\n\n\n<div class=\"wp-block-column eplus-wrapper is-layout-flow wp-block-column-is-layout-flow\">\n<figure class=\" wp-block-image size-full eplus-wrapper\"><img decoding=\"async\" width=\"50\" height=\"50\" src=\"https:\/\/openhexabshgb.jwlk.co\/wp-content\/uploads\/2026\/04\/Icon-3.png\" alt=\"\" class=\"wp-image-16743\"><\/figure>\n\n\n<p class=\" eplus-wrapper eplus-styles-uid-98134e\"><strong><strong>SAP<\/strong><\/strong><\/p>\n\n\n<p class=\" eplus-wrapper\">SAP est le leader du march\u00e9 des logiciels ERP.<\/p>\n<\/div>\n<\/div>\n\n        <\/div>\n    <\/div>\n    \n\n\n<p class=\" eplus-wrapper\"><\/p>\n\n\n<div class=\"wp-block-columns eplus-wrapper is-layout-flex wp-container-core-columns-is-layout-9d6595d7 wp-block-columns-is-layout-flex eplus-styles-uid-569b6e\">\n<div class=\"wp-block-column eplus-wrapper is-layout-flow wp-block-column-is-layout-flow\"><\/div>\n\n\n\n<div class=\"wp-block-column eplus-wrapper is-layout-flow wp-block-column-is-layout-flow\"><\/div>\n\n\n\n<div class=\"wp-block-column eplus-wrapper is-layout-flow wp-block-column-is-layout-flow\"><\/div>\n<\/div>\n\n    <div class=\"wrapper-container-block overflow-hidden py-[90px] md:!py-[64px] bg-color-white \"\n         id=\"block_60a5550afdefab99ae1434c2d43aeb8e\"\n         style=\"  \">\n        <div class=\"container\">\n            \n<div class=\"gradient-section wp-block-group has-background eplus-wrapper eplus-styles-uid-440b87\" style=\"background:linear-gradient(90deg,rgb(25,32,65) 2%,rgb(102,0,0) 100%)\"><div class=\"wp-block-group__inner-container is-layout-constrained wp-block-group-is-layout-constrained\">\n<h2 class=\"wp-block-heading has-text-align-center has-white-color has-text-color has-link-color eplus-wrapper wp-elements-a3bea497737f0e8588aa1a8ff90a90db\"><strong>Vous ne trouvez pas ce que vous cherchez ? Contactez-nous !<\/strong><\/h2>\n\n\n\n<p class=\"body-24 has-text-align-center has-white-color has-text-color has-link-color eplus-wrapper wp-elements-161800c4c8a7fee2318bc8d50d95da8c\">Nous serons ravis de vous aider \u00e0 configurer vos int\u00e9grations \u00e0 tout moment.<\/p>\n\n\n\n<div class=\"wp-block-buttons eplus-wrapper is-content-justification-center is-layout-flex wp-container-core-buttons-is-layout-16018d1d wp-block-buttons-is-layout-flex\"><div class=\" wp-block-button eplus-wrapper eplus-styles-uid-82b9a7\"><a class=\"wp-block-button__link has-background wp-element-button\" href=\"https:\/\/openhexabshgb.jwlk.co\/fr\/contact\/\" style=\"background-color:#4361ee\">Contact<\/a><\/div><\/div>\n<\/div><\/div>\n\n        <\/div>\n    <\/div>\n    ","protected":false},"excerpt":{"rendered":"","protected":false},"author":4,"featured_media":16454,"parent":0,"menu_order":0,"comment_status":"closed","ping_status":"closed","template":"","meta":{"_acf_changed":false,"content-type":"","editor_plus_copied_stylings":"{}","footnotes":""},"class_list":["post-16752","page","type-page","status-publish","has-post-thumbnail","hentry"],"acf":[],"yoast_head":"<!-- This site is optimized with the Yoast SEO plugin v26.2 - https:\/\/yoast.com\/wordpress\/plugins\/seo\/ -->\n<title>Integrations - OpenHEXA<\/title>\n<meta name=\"robots\" content=\"index, follow, max-snippet:-1, max-image-preview:large, max-video-preview:-1\" \/>\n<link rel=\"canonical\" href=\"https:\/\/openhexabshgb.jwlk.co\/fr\/integrations\/\" \/>\n<meta property=\"og:locale\" content=\"fr_FR\" \/>\n<meta property=\"og:type\" content=\"article\" \/>\n<meta property=\"og:title\" content=\"Integrations - OpenHEXA\" \/>\n<meta property=\"og:url\" content=\"https:\/\/openhexabshgb.jwlk.co\/fr\/integrations\/\" \/>\n<meta property=\"og:site_name\" content=\"OpenHEXA\" \/>\n<meta property=\"article:modified_time\" content=\"2026-04-09T08:49:53+00:00\" \/>\n<meta property=\"og:image\" content=\"https:\/\/openhexabshgb.jwlk.co\/wp-content\/uploads\/2026\/04\/Design-sans-titre-11.png\" \/>\n\t<meta property=\"og:image:width\" content=\"2400\" \/>\n\t<meta property=\"og:image:height\" content=\"1260\" \/>\n\t<meta property=\"og:image:type\" content=\"image\/png\" \/>\n<meta name=\"twitter:card\" content=\"summary_large_image\" \/>\n<meta name=\"twitter:site\" content=\"@blsqhub\" \/>\n<meta name=\"twitter:label1\" content=\"Est. reading time\" \/>\n\t<meta name=\"twitter:data1\" content=\"5 minutes\" \/>\n<script type=\"application\/ld+json\" class=\"yoast-schema-graph\">{\"@context\":\"https:\/\/schema.org\",\"@graph\":[{\"@type\":\"WebPage\",\"@id\":\"https:\/\/openhexabshgb.jwlk.co\/fr\/integrations\/\",\"url\":\"https:\/\/openhexabshgb.jwlk.co\/fr\/integrations\/\",\"name\":\"Integrations - OpenHEXA\",\"isPartOf\":{\"@id\":\"https:\/\/openhexabshgb.jwlk.co\/fr\/#website\"},\"primaryImageOfPage\":{\"@id\":\"https:\/\/openhexabshgb.jwlk.co\/fr\/integrations\/#primaryimage\"},\"image\":{\"@id\":\"https:\/\/openhexabshgb.jwlk.co\/fr\/integrations\/#primaryimage\"},\"thumbnailUrl\":\"https:\/\/openhexabshgb.jwlk.co\/wp-content\/uploads\/2026\/04\/Design-sans-titre-11.png\",\"datePublished\":\"2026-04-02T15:49:41+00:00\",\"dateModified\":\"2026-04-09T08:49:53+00:00\",\"breadcrumb\":{\"@id\":\"https:\/\/openhexabshgb.jwlk.co\/fr\/integrations\/#breadcrumb\"},\"inLanguage\":\"fr-FR\",\"potentialAction\":[{\"@type\":\"ReadAction\",\"target\":[\"https:\/\/openhexabshgb.jwlk.co\/fr\/integrations\/\"]}]},{\"@type\":\"ImageObject\",\"inLanguage\":\"fr-FR\",\"@id\":\"https:\/\/openhexabshgb.jwlk.co\/fr\/integrations\/#primaryimage\",\"url\":\"https:\/\/openhexabshgb.jwlk.co\/wp-content\/uploads\/2026\/04\/Design-sans-titre-11.png\",\"contentUrl\":\"https:\/\/openhexabshgb.jwlk.co\/wp-content\/uploads\/2026\/04\/Design-sans-titre-11.png\",\"width\":2400,\"height\":1260},{\"@type\":\"BreadcrumbList\",\"@id\":\"https:\/\/openhexabshgb.jwlk.co\/fr\/integrations\/#breadcrumb\",\"itemListElement\":[{\"@type\":\"ListItem\",\"position\":1,\"name\":\"Home\",\"item\":\"https:\/\/openhexabshgb.jwlk.co\/fr\/\"},{\"@type\":\"ListItem\",\"position\":2,\"name\":\"Integrations\"}]},{\"@type\":\"WebSite\",\"@id\":\"https:\/\/openhexabshgb.jwlk.co\/fr\/#website\",\"url\":\"https:\/\/openhexabshgb.jwlk.co\/fr\/\",\"name\":\"Bluesquare\",\"description\":\"\",\"publisher\":{\"@id\":\"https:\/\/openhexabshgb.jwlk.co\/fr\/#organization\"},\"potentialAction\":[{\"@type\":\"SearchAction\",\"target\":{\"@type\":\"EntryPoint\",\"urlTemplate\":\"https:\/\/openhexabshgb.jwlk.co\/fr\/?s={search_term_string}\"},\"query-input\":{\"@type\":\"PropertyValueSpecification\",\"valueRequired\":true,\"valueName\":\"search_term_string\"}}],\"inLanguage\":\"fr-FR\"},{\"@type\":\"Organization\",\"@id\":\"https:\/\/openhexabshgb.jwlk.co\/fr\/#organization\",\"name\":\"Bluesquare\",\"url\":\"https:\/\/openhexabshgb.jwlk.co\/fr\/\",\"logo\":{\"@type\":\"ImageObject\",\"inLanguage\":\"fr-FR\",\"@id\":\"https:\/\/openhexabshgb.jwlk.co\/fr\/#\/schema\/logo\/image\/\",\"url\":\"https:\/\/openhexabshgb.jwlk.co\/wp-content\/uploads\/2025\/10\/Logo-Banner.png\",\"contentUrl\":\"https:\/\/openhexabshgb.jwlk.co\/wp-content\/uploads\/2025\/10\/Logo-Banner.png\",\"width\":2400,\"height\":1260,\"caption\":\"Bluesquare\"},\"image\":{\"@id\":\"https:\/\/openhexabshgb.jwlk.co\/fr\/#\/schema\/logo\/image\/\"},\"sameAs\":[\"https:\/\/x.com\/blsqhub\",\"https:\/\/www.linkedin.com\/company\/bluesquarehub\",\"https:\/\/www.youtube.com\/channel\/UC33QxHTlZzQyXUJnXtWeyBw\/\"]}]}<\/script>\n<!-- \/ Yoast SEO plugin. -->","yoast_head_json":{"title":"Integrations - OpenHEXA","robots":{"index":"index","follow":"follow","max-snippet":"max-snippet:-1","max-image-preview":"max-image-preview:large","max-video-preview":"max-video-preview:-1"},"canonical":"https:\/\/openhexabshgb.jwlk.co\/fr\/integrations\/","og_locale":"fr_FR","og_type":"article","og_title":"Integrations - OpenHEXA","og_url":"https:\/\/openhexabshgb.jwlk.co\/fr\/integrations\/","og_site_name":"OpenHEXA","article_modified_time":"2026-04-09T08:49:53+00:00","og_image":[{"width":2400,"height":1260,"url":"https:\/\/openhexabshgb.jwlk.co\/wp-content\/uploads\/2026\/04\/Design-sans-titre-11.png","type":"image\/png"}],"twitter_card":"summary_large_image","twitter_site":"@blsqhub","twitter_misc":{"Est. reading time":"5 minutes"},"schema":{"@context":"https:\/\/schema.org","@graph":[{"@type":"WebPage","@id":"https:\/\/openhexabshgb.jwlk.co\/fr\/integrations\/","url":"https:\/\/openhexabshgb.jwlk.co\/fr\/integrations\/","name":"Integrations - OpenHEXA","isPartOf":{"@id":"https:\/\/openhexabshgb.jwlk.co\/fr\/#website"},"primaryImageOfPage":{"@id":"https:\/\/openhexabshgb.jwlk.co\/fr\/integrations\/#primaryimage"},"image":{"@id":"https:\/\/openhexabshgb.jwlk.co\/fr\/integrations\/#primaryimage"},"thumbnailUrl":"https:\/\/openhexabshgb.jwlk.co\/wp-content\/uploads\/2026\/04\/Design-sans-titre-11.png","datePublished":"2026-04-02T15:49:41+00:00","dateModified":"2026-04-09T08:49:53+00:00","breadcrumb":{"@id":"https:\/\/openhexabshgb.jwlk.co\/fr\/integrations\/#breadcrumb"},"inLanguage":"fr-FR","potentialAction":[{"@type":"ReadAction","target":["https:\/\/openhexabshgb.jwlk.co\/fr\/integrations\/"]}]},{"@type":"ImageObject","inLanguage":"fr-FR","@id":"https:\/\/openhexabshgb.jwlk.co\/fr\/integrations\/#primaryimage","url":"https:\/\/openhexabshgb.jwlk.co\/wp-content\/uploads\/2026\/04\/Design-sans-titre-11.png","contentUrl":"https:\/\/openhexabshgb.jwlk.co\/wp-content\/uploads\/2026\/04\/Design-sans-titre-11.png","width":2400,"height":1260},{"@type":"BreadcrumbList","@id":"https:\/\/openhexabshgb.jwlk.co\/fr\/integrations\/#breadcrumb","itemListElement":[{"@type":"ListItem","position":1,"name":"Home","item":"https:\/\/openhexabshgb.jwlk.co\/fr\/"},{"@type":"ListItem","position":2,"name":"Integrations"}]},{"@type":"WebSite","@id":"https:\/\/openhexabshgb.jwlk.co\/fr\/#website","url":"https:\/\/openhexabshgb.jwlk.co\/fr\/","name":"Bluesquare","description":"","publisher":{"@id":"https:\/\/openhexabshgb.jwlk.co\/fr\/#organization"},"potentialAction":[{"@type":"SearchAction","target":{"@type":"EntryPoint","urlTemplate":"https:\/\/openhexabshgb.jwlk.co\/fr\/?s={search_term_string}"},"query-input":{"@type":"PropertyValueSpecification","valueRequired":true,"valueName":"search_term_string"}}],"inLanguage":"fr-FR"},{"@type":"Organization","@id":"https:\/\/openhexabshgb.jwlk.co\/fr\/#organization","name":"Bluesquare","url":"https:\/\/openhexabshgb.jwlk.co\/fr\/","logo":{"@type":"ImageObject","inLanguage":"fr-FR","@id":"https:\/\/openhexabshgb.jwlk.co\/fr\/#\/schema\/logo\/image\/","url":"https:\/\/openhexabshgb.jwlk.co\/wp-content\/uploads\/2025\/10\/Logo-Banner.png","contentUrl":"https:\/\/openhexabshgb.jwlk.co\/wp-content\/uploads\/2025\/10\/Logo-Banner.png","width":2400,"height":1260,"caption":"Bluesquare"},"image":{"@id":"https:\/\/openhexabshgb.jwlk.co\/fr\/#\/schema\/logo\/image\/"},"sameAs":["https:\/\/x.com\/blsqhub","https:\/\/www.linkedin.com\/company\/bluesquarehub","https:\/\/www.youtube.com\/channel\/UC33QxHTlZzQyXUJnXtWeyBw\/"]}]}},"_links":{"self":[{"href":"https:\/\/openhexabshgb.jwlk.co\/fr\/wp-json\/wp\/v2\/pages\/16752","targetHints":{"allow":["GET"]}}],"collection":[{"href":"https:\/\/openhexabshgb.jwlk.co\/fr\/wp-json\/wp\/v2\/pages"}],"about":[{"href":"https:\/\/openhexabshgb.jwlk.co\/fr\/wp-json\/wp\/v2\/types\/page"}],"author":[{"embeddable":true,"href":"https:\/\/openhexabshgb.jwlk.co\/fr\/wp-json\/wp\/v2\/users\/4"}],"replies":[{"embeddable":true,"href":"https:\/\/openhexabshgb.jwlk.co\/fr\/wp-json\/wp\/v2\/comments?post=16752"}],"version-history":[{"count":2,"href":"https:\/\/openhexabshgb.jwlk.co\/fr\/wp-json\/wp\/v2\/pages\/16752\/revisions"}],"predecessor-version":[{"id":16800,"href":"https:\/\/openhexabshgb.jwlk.co\/fr\/wp-json\/wp\/v2\/pages\/16752\/revisions\/16800"}],"wp:featuredmedia":[{"embeddable":true,"href":"https:\/\/openhexabshgb.jwlk.co\/fr\/wp-json\/wp\/v2\/media\/16454"}],"wp:attachment":[{"href":"https:\/\/openhexabshgb.jwlk.co\/fr\/wp-json\/wp\/v2\/media?parent=16752"}],"curies":[{"name":"wp","href":"https:\/\/api.w.org\/{rel}","templated":true}]}}