{"id":16534,"date":"2026-04-02T15:12:54","date_gmt":"2026-04-02T14:12:54","guid":{"rendered":"https:\/\/openhexabshgb.jwlk.co\/?page_id=16534"},"modified":"2026-04-02T15:12:55","modified_gmt":"2026-04-02T14:12:55","slug":"a-propos","status":"publish","type":"page","link":"https:\/\/openhexabshgb.jwlk.co\/fr\/a-propos\/","title":{"rendered":"\u00c0 propos"},"content":{"rendered":"    <div class=\"hero-section yellow py-60 md:py-[160px] text-center bg-cover bg-center  bg-dark text-white  [&#038;_.sub-title-home]:opacity-80 [&#038;_.sub-title-home]:text-[32px] md:[&#038;_.sub-title-home]:text-[20px]\"\n         style=\"background-image: url('https:\/\/openhexabshgb.jwlk.co\/wp-content\/uploads\/2026\/04\/OpenHEXA.png')\">\n        <div class=\"container \">\n            \n\n<h1 class=\" wp-block-heading eplus-wrapper\">\u00c0 propos de OpenHEXA<\/h1>\n\n\n        <\/div>\n    <\/div>\n    \n\n    <div class=\"wrapper-container-block overflow-hidden py-[90px] md:!py-[64px] bg-color-gray \"\n         id=\"what-we-do\"\n         style=\"  \">\n        <div class=\"container\">\n            \n<p class=\"body-20 has-text-align-center eplus-wrapper eplus-styles-uid-1dc980\">OpenHEXA est une plateforme open source, bilingue (EN\/FR), collaborative d\u2019int\u00e9gration et d\u2019analyse de donn\u00e9es pour la sant\u00e9 publique. OpenHEXA est reconnue comme un Bien Public Num\u00e9rique par l\u2019Alliance pour les\u00a0<a href=\"https:\/\/www.digitalpublicgoods.net\/r\/openhexa\" target=\"_blank\" rel=\"noreferrer noopener\"><mark style=\"background-color:rgba(0, 0, 0, 0);color:#ff62aa\" class=\"has-inline-color\">Biens Publics Num\u00e9riques<\/mark><\/a>\u00a0et est inscrite en tant que\u00a0<a href=\"https:\/\/www.globalgoodsguidebook.org\/global-goods\/openhexa\" target=\"_blank\" rel=\"noreferrer noopener\"><mark style=\"background-color:rgba(0, 0, 0, 0);color:#ff62aa\" class=\"has-inline-color\">Logiciel Global Goods par Digital Square<\/mark><\/a>, un t\u00e9moignage de son impact av\u00e9r\u00e9.<\/p>\n\n<p class=\"body-20 has-text-align-center eplus-wrapper eplus-styles-uid-1dc980\">OpenHEXA rassemble vos donn\u00e9es, les rend partageables et simplifie leur visualisation ainsi que leur mod\u00e9lisation \u2014 le tout dans une plateforme con\u00e7ue pour cr\u00e9er des produits data \u00e0 fort impact.<\/p>\n\n        <\/div>\n    <\/div>\n    \n\n    <div class=\"wrapper-container-block overflow-hidden py-[90px] md:!py-[64px] bg-color-white \"\n         id=\"block_da0badc16f336429c01bd03edae7d89b\"\n         style=\" padding-top: 30px; padding-bottom: 30px; \">\n        <div class=\"container\">\n            \n    <div style=\"--color: #7990FF\" class=\"number-text-image-block flex w-full justify-between  gap-8  md:!flex-col\">\n        <div class=\"w-full flex flex-col justify-center   md:max-w-none\">\n                            <div class=\"flex gap-2.5 items-center\">\n                    <div class=\"relative max-w-[36px] leading-none\">\n                <span class=\"absolute left-1\/2 top-1\/2 -translate-x-1\/2\n                -translate-y-1\/2 font-extrabold text-[20px] text-white\">\n                    1                <\/span>\n                        <svg xmlns=\"http:\/\/www.w3.org\/2000\/svg\" width=\"36\" height=\"38\" viewBox=\"0 0 36 38\" fill=\"none\">\n                            <path d=\"M14 1.3094C16.4752 -0.119662 19.5248 -0.119662 22 1.3094L31.3205 6.6906C33.7957 8.11966 35.3205 10.7607 35.3205 13.6188V24.3812C35.3205 27.2393 33.7957 29.8803 31.3205 31.3094L22 36.6906C19.5248 38.1197 16.4752 38.1197 14 36.6906L4.67949 31.3094C2.20428 29.8803 0.679491 27.2393 0.679491 24.3812V13.6188C0.679491 10.7607 2.20428 8.11966 4.67949 6.6906L14 1.3094Z\"\n                                  fill=\"#7990FF\"\/>\n                        <\/svg>\n                    <\/div>\n                    <h3><\/h3>\n                <\/div>\n                        \n\n<h3 class=\" wp-block-heading eplus-wrapper\">Ingestion et transformation<\/h3>\n\n\n<ul class=\" wp-block-list eplus-wrapper eplus-styles-uid-cb1f65\">\n<li class=\" eplus-wrapper\">Connectez-vous \u00e0 un large \u00e9ventail de sources de donn\u00e9es populaires dans le domaine de la sant\u00e9 publique et au-del\u00e0.<\/li>\n\n\n\n<li class=\" eplus-wrapper\">Ing\u00e9rez et transformez vos donn\u00e9es gr\u00e2ce \u00e0 des pipelines pr\u00e9configur\u00e9s, simples d\u2019utilisation.<\/li>\n\n\n\n<li class=\" eplus-wrapper\">Importez des donn\u00e9es depuis n\u2019importe quelle application ou source via des connecteurs et pipelines personnalis\u00e9s.<\/li>\n<\/ul>\n\n        <\/div>\n            <\/div>\n    \n\n        <\/div>\n    <\/div>\n    \n\n    <div class=\"wrapper-container-block overflow-hidden py-[90px] md:!py-[64px] bg-color-white \"\n         id=\"block_da0badc16f336429c01bd03edae7d89b\"\n         style=\" padding-top: 30px; padding-bottom: 30px; \">\n        <div class=\"container\">\n            \n    <div style=\"--color: #7990FF\" class=\"number-text-image-block flex w-full justify-between  gap-8  md:!flex-col\">\n        <div class=\"w-full flex flex-col justify-center   md:max-w-none\">\n                            <div class=\"flex gap-2.5 items-center\">\n                    <div class=\"relative max-w-[36px] leading-none\">\n                <span class=\"absolute left-1\/2 top-1\/2 -translate-x-1\/2\n                -translate-y-1\/2 font-extrabold text-[20px] text-white\">\n                    2                <\/span>\n                        <svg xmlns=\"http:\/\/www.w3.org\/2000\/svg\" width=\"36\" height=\"38\" viewBox=\"0 0 36 38\" fill=\"none\">\n                            <path d=\"M14 1.3094C16.4752 -0.119662 19.5248 -0.119662 22 1.3094L31.3205 6.6906C33.7957 8.11966 35.3205 10.7607 35.3205 13.6188V24.3812C35.3205 27.2393 33.7957 29.8803 31.3205 31.3094L22 36.6906C19.5248 38.1197 16.4752 38.1197 14 36.6906L4.67949 31.3094C2.20428 29.8803 0.679491 27.2393 0.679491 24.3812V13.6188C0.679491 10.7607 2.20428 8.11966 4.67949 6.6906L14 1.3094Z\"\n                                  fill=\"#7990FF\"\/>\n                        <\/svg>\n                    <\/div>\n                    <h3><\/h3>\n                <\/div>\n                        \n\n<h3 class=\" wp-block-heading eplus-wrapper\">Stockage et partage<\/h3>\n\n\n<ul class=\" wp-block-list eplus-wrapper eplus-styles-uid-85e19f\">\n<li class=\" eplus-wrapper\">Stockez, g\u00e9rez et annotez des donn\u00e9es structur\u00e9es et non structur\u00e9es dans un environnement unique.<\/li>\n\n\n\n<li class=\" eplus-wrapper\">Pr\u00e9parez et annotez des jeux de donn\u00e9es de mani\u00e8re collaborative.<\/li>\n\n\n\n<li class=\" eplus-wrapper\">Partagez vos donn\u00e9es en toute s\u00e9curit\u00e9, au sein ou en dehors de votre organisation, pour une collaboration fluide.<\/li>\n<\/ul>\n\n        <\/div>\n            <\/div>\n    \n\n        <\/div>\n    <\/div>\n    \n\n    <div class=\"wrapper-container-block overflow-hidden py-[90px] md:!py-[64px] bg-color-white \"\n         id=\"block_da0badc16f336429c01bd03edae7d89b\"\n         style=\" padding-top: 30px; padding-bottom: 30px; \">\n        <div class=\"container\">\n            \n    <div style=\"--color: #7990FF\" class=\"number-text-image-block flex w-full justify-between  gap-8  md:!flex-col\">\n        <div class=\"w-full flex flex-col justify-center   md:max-w-none\">\n                            <div class=\"flex gap-2.5 items-center\">\n                    <div class=\"relative max-w-[36px] leading-none\">\n                <span class=\"absolute left-1\/2 top-1\/2 -translate-x-1\/2\n                -translate-y-1\/2 font-extrabold text-[20px] text-white\">\n                    3                <\/span>\n                        <svg xmlns=\"http:\/\/www.w3.org\/2000\/svg\" width=\"36\" height=\"38\" viewBox=\"0 0 36 38\" fill=\"none\">\n                            <path d=\"M14 1.3094C16.4752 -0.119662 19.5248 -0.119662 22 1.3094L31.3205 6.6906C33.7957 8.11966 35.3205 10.7607 35.3205 13.6188V24.3812C35.3205 27.2393 33.7957 29.8803 31.3205 31.3094L22 36.6906C19.5248 38.1197 16.4752 38.1197 14 36.6906L4.67949 31.3094C2.20428 29.8803 0.679491 27.2393 0.679491 24.3812V13.6188C0.679491 10.7607 2.20428 8.11966 4.67949 6.6906L14 1.3094Z\"\n                                  fill=\"#7990FF\"\/>\n                        <\/svg>\n                    <\/div>\n                    <h3><\/h3>\n                <\/div>\n                        \n\n<h3 class=\" wp-block-heading eplus-wrapper\">Mod\u00e9lisation et analyse<\/h3>\n\n\n<ul class=\" wp-block-list eplus-wrapper eplus-styles-uid-d36261\">\n<li class=\" eplus-wrapper\">Offrez aux data scientists un environnement de notebooks pr\u00eat \u00e0 l\u2019emploi pour une exploration dynamique et en temps r\u00e9el des donn\u00e9es.<\/li>\n\n\n\n<li class=\" eplus-wrapper\">Acc\u00e9dez \u00e0 un SDK op\u00e9rationnel pour interagir avec OpenHEXA et les artefacts stock\u00e9s de mani\u00e8re programmatique.<\/li>\n\n\n\n<li class=\" eplus-wrapper\">Connectez des tableaux de bord et g\u00e9n\u00e9rez des rapports programm\u00e9s sans effort.<\/li>\n<\/ul>\n\n        <\/div>\n            <\/div>\n    \n\n        <\/div>\n    <\/div>\n    \n\n    <div class=\"wrapper-container-block overflow-hidden py-[90px] md:!py-[64px] bg-color-white \"\n         id=\"block_774831ecaee5b6a46c67aebbce59abcb\"\n         style=\" padding-top: 60px; padding-bottom: 60px; \">\n        <div class=\"container\">\n            \n\n<h2 class=\" wp-block-heading eplus-wrapper\">OpenHEXA aide les data engineers \u00e0 :<\/h2>\n\n\n<ul class=\" wp-block-list eplus-wrapper eplus-styles-uid-d7a729\"><li class=\" eplus-wrapper eplus-styles-uid-fe641a\">Cr\u00e9er, partager, automatiser et planifier des pipelines de donn\u00e9es.<\/li>\n\n<li class=\" eplus-wrapper eplus-styles-uid-fe641a\">Cr\u00e9er, annoter et partager des jeux de donn\u00e9es pr\u00eats pour l\u2019analyse.<\/li>\n\n<li class=\" eplus-wrapper eplus-styles-uid-fe641a\">Passer moins de temps \u00e0 maintenir des scripts et plus de temps \u00e0 construire des pipelines r\u00e9utilisables.<\/li><\/ul>\n\n\n<h2 class=\" wp-block-heading eplus-wrapper\">OpenHEXA aide les data scientists \u00e0 :<\/h2>\n\n\n<ul class=\" wp-block-list eplus-wrapper eplus-styles-uid-bb8103\"><li class=\" eplus-wrapper eplus-styles-uid-fe641a\">Se concentrer sur les donn\u00e9es, pas sur la configuration ni l\u2019infrastructure.<\/li>\n\n<li class=\" eplus-wrapper eplus-styles-uid-fe641a\">Explorer et mod\u00e9liser les donn\u00e9es dans des notebooks reproductibles.<\/li>\n\n<li class=\" eplus-wrapper eplus-styles-uid-fe641a\">Acc\u00e9der \u00e0 une bo\u00eete \u00e0 outils d\u00e9di\u00e9e aux workflows de sant\u00e9 publique et de climat.<\/li><\/ul>\n\n\n<h2 class=\" wp-block-heading eplus-wrapper\">OpenHEXA aide les experts m\u00e9tiers \u00e0 :<\/h2>\n\n\n<ul class=\" wp-block-list eplus-wrapper eplus-styles-uid-b2ec5a\"><li class=\" eplus-wrapper eplus-styles-uid-fe641a\">Acc\u00e9der \u00e0 des jeux de donn\u00e9es et les annoter.<\/li>\n\n<li class=\" eplus-wrapper eplus-styles-uid-fe641a\">Ex\u00e9cuter et param\u00e9trer des pipelines de donn\u00e9es sans comp\u00e9tences en programmation.<\/li><\/ul>\n\n        <\/div>\n    <\/div>\n    ","protected":false},"excerpt":{"rendered":"","protected":false},"author":4,"featured_media":16454,"parent":0,"menu_order":0,"comment_status":"closed","ping_status":"closed","template":"","meta":{"_acf_changed":false,"content-type":"","editor_plus_copied_stylings":"{}","footnotes":""},"class_list":["post-16534","page","type-page","status-publish","has-post-thumbnail","hentry"],"acf":[],"yoast_head":"<!-- This site is optimized with the Yoast SEO plugin v26.2 - https:\/\/yoast.com\/wordpress\/plugins\/seo\/ -->\n<title>\u00c0 propos - OpenHEXA<\/title>\n<meta name=\"robots\" content=\"index, follow, max-snippet:-1, max-image-preview:large, max-video-preview:-1\" \/>\n<link rel=\"canonical\" href=\"https:\/\/openhexabshgb.jwlk.co\/fr\/a-propos\/\" \/>\n<meta property=\"og:locale\" content=\"fr_FR\" \/>\n<meta property=\"og:type\" content=\"article\" \/>\n<meta property=\"og:title\" content=\"\u00c0 propos - OpenHEXA\" \/>\n<meta property=\"og:url\" content=\"https:\/\/openhexabshgb.jwlk.co\/fr\/a-propos\/\" \/>\n<meta property=\"og:site_name\" content=\"OpenHEXA\" \/>\n<meta property=\"article:modified_time\" content=\"2026-04-02T14:12:55+00:00\" \/>\n<meta property=\"og:image\" content=\"https:\/\/openhexabshgb.jwlk.co\/wp-content\/uploads\/2026\/04\/Design-sans-titre-11.png\" \/>\n\t<meta property=\"og:image:width\" content=\"2400\" \/>\n\t<meta property=\"og:image:height\" content=\"1260\" \/>\n\t<meta property=\"og:image:type\" content=\"image\/png\" \/>\n<meta name=\"twitter:card\" content=\"summary_large_image\" \/>\n<meta name=\"twitter:site\" content=\"@blsqhub\" \/>\n<meta name=\"twitter:label1\" content=\"Est. reading time\" \/>\n\t<meta name=\"twitter:data1\" content=\"2 minutes\" \/>\n<script type=\"application\/ld+json\" class=\"yoast-schema-graph\">{\"@context\":\"https:\/\/schema.org\",\"@graph\":[{\"@type\":\"WebPage\",\"@id\":\"https:\/\/openhexabshgb.jwlk.co\/fr\/a-propos\/\",\"url\":\"https:\/\/openhexabshgb.jwlk.co\/fr\/a-propos\/\",\"name\":\"\u00c0 propos - OpenHEXA\",\"isPartOf\":{\"@id\":\"https:\/\/openhexabshgb.jwlk.co\/fr\/#website\"},\"primaryImageOfPage\":{\"@id\":\"https:\/\/openhexabshgb.jwlk.co\/fr\/a-propos\/#primaryimage\"},\"image\":{\"@id\":\"https:\/\/openhexabshgb.jwlk.co\/fr\/a-propos\/#primaryimage\"},\"thumbnailUrl\":\"https:\/\/openhexabshgb.jwlk.co\/wp-content\/uploads\/2026\/04\/Design-sans-titre-11.png\",\"datePublished\":\"2026-04-02T14:12:54+00:00\",\"dateModified\":\"2026-04-02T14:12:55+00:00\",\"breadcrumb\":{\"@id\":\"https:\/\/openhexabshgb.jwlk.co\/fr\/a-propos\/#breadcrumb\"},\"inLanguage\":\"fr-FR\",\"potentialAction\":[{\"@type\":\"ReadAction\",\"target\":[\"https:\/\/openhexabshgb.jwlk.co\/fr\/a-propos\/\"]}]},{\"@type\":\"ImageObject\",\"inLanguage\":\"fr-FR\",\"@id\":\"https:\/\/openhexabshgb.jwlk.co\/fr\/a-propos\/#primaryimage\",\"url\":\"https:\/\/openhexabshgb.jwlk.co\/wp-content\/uploads\/2026\/04\/Design-sans-titre-11.png\",\"contentUrl\":\"https:\/\/openhexabshgb.jwlk.co\/wp-content\/uploads\/2026\/04\/Design-sans-titre-11.png\",\"width\":2400,\"height\":1260},{\"@type\":\"BreadcrumbList\",\"@id\":\"https:\/\/openhexabshgb.jwlk.co\/fr\/a-propos\/#breadcrumb\",\"itemListElement\":[{\"@type\":\"ListItem\",\"position\":1,\"name\":\"Home\",\"item\":\"https:\/\/openhexabshgb.jwlk.co\/fr\/\"},{\"@type\":\"ListItem\",\"position\":2,\"name\":\"\u00c0 propos\"}]},{\"@type\":\"WebSite\",\"@id\":\"https:\/\/openhexabshgb.jwlk.co\/fr\/#website\",\"url\":\"https:\/\/openhexabshgb.jwlk.co\/fr\/\",\"name\":\"Bluesquare\",\"description\":\"\",\"publisher\":{\"@id\":\"https:\/\/openhexabshgb.jwlk.co\/fr\/#organization\"},\"potentialAction\":[{\"@type\":\"SearchAction\",\"target\":{\"@type\":\"EntryPoint\",\"urlTemplate\":\"https:\/\/openhexabshgb.jwlk.co\/fr\/?s={search_term_string}\"},\"query-input\":{\"@type\":\"PropertyValueSpecification\",\"valueRequired\":true,\"valueName\":\"search_term_string\"}}],\"inLanguage\":\"fr-FR\"},{\"@type\":\"Organization\",\"@id\":\"https:\/\/openhexabshgb.jwlk.co\/fr\/#organization\",\"name\":\"Bluesquare\",\"url\":\"https:\/\/openhexabshgb.jwlk.co\/fr\/\",\"logo\":{\"@type\":\"ImageObject\",\"inLanguage\":\"fr-FR\",\"@id\":\"https:\/\/openhexabshgb.jwlk.co\/fr\/#\/schema\/logo\/image\/\",\"url\":\"https:\/\/openhexabshgb.jwlk.co\/wp-content\/uploads\/2025\/10\/Logo-Banner.png\",\"contentUrl\":\"https:\/\/openhexabshgb.jwlk.co\/wp-content\/uploads\/2025\/10\/Logo-Banner.png\",\"width\":2400,\"height\":1260,\"caption\":\"Bluesquare\"},\"image\":{\"@id\":\"https:\/\/openhexabshgb.jwlk.co\/fr\/#\/schema\/logo\/image\/\"},\"sameAs\":[\"https:\/\/x.com\/blsqhub\",\"https:\/\/www.linkedin.com\/company\/bluesquarehub\",\"https:\/\/www.youtube.com\/channel\/UC33QxHTlZzQyXUJnXtWeyBw\/\"]}]}<\/script>\n<!-- \/ Yoast SEO plugin. -->","yoast_head_json":{"title":"\u00c0 propos - OpenHEXA","robots":{"index":"index","follow":"follow","max-snippet":"max-snippet:-1","max-image-preview":"max-image-preview:large","max-video-preview":"max-video-preview:-1"},"canonical":"https:\/\/openhexabshgb.jwlk.co\/fr\/a-propos\/","og_locale":"fr_FR","og_type":"article","og_title":"\u00c0 propos - OpenHEXA","og_url":"https:\/\/openhexabshgb.jwlk.co\/fr\/a-propos\/","og_site_name":"OpenHEXA","article_modified_time":"2026-04-02T14:12:55+00:00","og_image":[{"width":2400,"height":1260,"url":"https:\/\/openhexabshgb.jwlk.co\/wp-content\/uploads\/2026\/04\/Design-sans-titre-11.png","type":"image\/png"}],"twitter_card":"summary_large_image","twitter_site":"@blsqhub","twitter_misc":{"Est. reading time":"2 minutes"},"schema":{"@context":"https:\/\/schema.org","@graph":[{"@type":"WebPage","@id":"https:\/\/openhexabshgb.jwlk.co\/fr\/a-propos\/","url":"https:\/\/openhexabshgb.jwlk.co\/fr\/a-propos\/","name":"\u00c0 propos - OpenHEXA","isPartOf":{"@id":"https:\/\/openhexabshgb.jwlk.co\/fr\/#website"},"primaryImageOfPage":{"@id":"https:\/\/openhexabshgb.jwlk.co\/fr\/a-propos\/#primaryimage"},"image":{"@id":"https:\/\/openhexabshgb.jwlk.co\/fr\/a-propos\/#primaryimage"},"thumbnailUrl":"https:\/\/openhexabshgb.jwlk.co\/wp-content\/uploads\/2026\/04\/Design-sans-titre-11.png","datePublished":"2026-04-02T14:12:54+00:00","dateModified":"2026-04-02T14:12:55+00:00","breadcrumb":{"@id":"https:\/\/openhexabshgb.jwlk.co\/fr\/a-propos\/#breadcrumb"},"inLanguage":"fr-FR","potentialAction":[{"@type":"ReadAction","target":["https:\/\/openhexabshgb.jwlk.co\/fr\/a-propos\/"]}]},{"@type":"ImageObject","inLanguage":"fr-FR","@id":"https:\/\/openhexabshgb.jwlk.co\/fr\/a-propos\/#primaryimage","url":"https:\/\/openhexabshgb.jwlk.co\/wp-content\/uploads\/2026\/04\/Design-sans-titre-11.png","contentUrl":"https:\/\/openhexabshgb.jwlk.co\/wp-content\/uploads\/2026\/04\/Design-sans-titre-11.png","width":2400,"height":1260},{"@type":"BreadcrumbList","@id":"https:\/\/openhexabshgb.jwlk.co\/fr\/a-propos\/#breadcrumb","itemListElement":[{"@type":"ListItem","position":1,"name":"Home","item":"https:\/\/openhexabshgb.jwlk.co\/fr\/"},{"@type":"ListItem","position":2,"name":"\u00c0 propos"}]},{"@type":"WebSite","@id":"https:\/\/openhexabshgb.jwlk.co\/fr\/#website","url":"https:\/\/openhexabshgb.jwlk.co\/fr\/","name":"Bluesquare","description":"","publisher":{"@id":"https:\/\/openhexabshgb.jwlk.co\/fr\/#organization"},"potentialAction":[{"@type":"SearchAction","target":{"@type":"EntryPoint","urlTemplate":"https:\/\/openhexabshgb.jwlk.co\/fr\/?s={search_term_string}"},"query-input":{"@type":"PropertyValueSpecification","valueRequired":true,"valueName":"search_term_string"}}],"inLanguage":"fr-FR"},{"@type":"Organization","@id":"https:\/\/openhexabshgb.jwlk.co\/fr\/#organization","name":"Bluesquare","url":"https:\/\/openhexabshgb.jwlk.co\/fr\/","logo":{"@type":"ImageObject","inLanguage":"fr-FR","@id":"https:\/\/openhexabshgb.jwlk.co\/fr\/#\/schema\/logo\/image\/","url":"https:\/\/openhexabshgb.jwlk.co\/wp-content\/uploads\/2025\/10\/Logo-Banner.png","contentUrl":"https:\/\/openhexabshgb.jwlk.co\/wp-content\/uploads\/2025\/10\/Logo-Banner.png","width":2400,"height":1260,"caption":"Bluesquare"},"image":{"@id":"https:\/\/openhexabshgb.jwlk.co\/fr\/#\/schema\/logo\/image\/"},"sameAs":["https:\/\/x.com\/blsqhub","https:\/\/www.linkedin.com\/company\/bluesquarehub","https:\/\/www.youtube.com\/channel\/UC33QxHTlZzQyXUJnXtWeyBw\/"]}]}},"_links":{"self":[{"href":"https:\/\/openhexabshgb.jwlk.co\/fr\/wp-json\/wp\/v2\/pages\/16534","targetHints":{"allow":["GET"]}}],"collection":[{"href":"https:\/\/openhexabshgb.jwlk.co\/fr\/wp-json\/wp\/v2\/pages"}],"about":[{"href":"https:\/\/openhexabshgb.jwlk.co\/fr\/wp-json\/wp\/v2\/types\/page"}],"author":[{"embeddable":true,"href":"https:\/\/openhexabshgb.jwlk.co\/fr\/wp-json\/wp\/v2\/users\/4"}],"replies":[{"embeddable":true,"href":"https:\/\/openhexabshgb.jwlk.co\/fr\/wp-json\/wp\/v2\/comments?post=16534"}],"version-history":[{"count":8,"href":"https:\/\/openhexabshgb.jwlk.co\/fr\/wp-json\/wp\/v2\/pages\/16534\/revisions"}],"predecessor-version":[{"id":16558,"href":"https:\/\/openhexabshgb.jwlk.co\/fr\/wp-json\/wp\/v2\/pages\/16534\/revisions\/16558"}],"wp:featuredmedia":[{"embeddable":true,"href":"https:\/\/openhexabshgb.jwlk.co\/fr\/wp-json\/wp\/v2\/media\/16454"}],"wp:attachment":[{"href":"https:\/\/openhexabshgb.jwlk.co\/fr\/wp-json\/wp\/v2\/media?parent=16534"}],"curies":[{"name":"wp","href":"https:\/\/api.w.org\/{rel}","templated":true}]}}